{"id":9,"date":"2026-02-02T16:38:37","date_gmt":"2026-02-02T16:38:37","guid":{"rendered":"https:\/\/dubard-agencement.fr\/?page_id=9"},"modified":"2026-03-18T18:33:35","modified_gmt":"2026-03-18T18:33:35","slug":"accueil","status":"publish","type":"page","link":"https:\/\/dubard-agencement.fr\/","title":{"rendered":"C&rsquo;est quoi le concept ?"},"content":{"rendered":"\n<p>Je propose \u00e0 mes clients professionnels et particuliers, l&rsquo;accompagnement \u00e0 chaque \u00e9tape de tous leurs projets.<\/p>\n\n\n\n<p>Que ce soit la cuisine, la salle de bain, des am\u00e9nagements sur mesure ou des id\u00e9es pour sublimer votre int\u00e9rieur, je propose une gamme compl\u00e8te de services pour vous satisfaire.<\/p>\n\n\n\n<p>Des projets qui vous ressemblent, de l&rsquo;espace repens\u00e9 avec pr\u00e9cision et de la perfection dans chaque pose.<\/p>\n\n\n\n<figure class=\"wp-block-image size-large\"><img loading=\"lazy\" decoding=\"async\" width=\"1024\" height=\"768\" src=\"http:\/\/dubard-agencement.fr\/wp-content\/uploads\/2026\/03\/IMG_6173-2-1024x768.jpeg\" alt=\"\" class=\"wp-image-239\" srcset=\"https:\/\/dubard-agencement.fr\/wp-content\/uploads\/2026\/03\/IMG_6173-2-1024x768.jpeg 1024w, https:\/\/dubard-agencement.fr\/wp-content\/uploads\/2026\/03\/IMG_6173-2-300x225.jpeg 300w, https:\/\/dubard-agencement.fr\/wp-content\/uploads\/2026\/03\/IMG_6173-2-768x576.jpeg 768w, https:\/\/dubard-agencement.fr\/wp-content\/uploads\/2026\/03\/IMG_6173-2-1536x1152.jpeg 1536w, https:\/\/dubard-agencement.fr\/wp-content\/uploads\/2026\/03\/IMG_6173-2.jpeg 2048w\" sizes=\"auto, (max-width: 767px) 89vw, (max-width: 1000px) 54vw, (max-width: 1071px) 543px, 580px\" \/><\/figure>\n","protected":false},"excerpt":{"rendered":"<p>Je propose \u00e0 mes clients professionnels et particuliers, l&rsquo;accompagnement \u00e0 chaque \u00e9tape de tous leurs projets. Que ce soit la cuisine, la salle de bain, des am\u00e9nagements sur mesure ou des id\u00e9es pour sublimer votre int\u00e9rieur, je propose une gamme compl\u00e8te de services pour vous satisfaire. Des projets qui vous ressemblent, de l&rsquo;espace repens\u00e9 avec &hellip; <\/p>\n<p class=\"link-more\"><a href=\"https:\/\/dubard-agencement.fr\/\" class=\"more-link\">Continuer la lecture<span class=\"screen-reader-text\"> de &laquo;&nbsp;C&rsquo;est quoi le concept ?&nbsp;&raquo;<\/span><\/a><\/p>\n","protected":false},"author":1,"featured_media":54,"parent":0,"menu_order":0,"comment_status":"closed","ping_status":"closed","template":"","meta":{"footnotes":""},"class_list":["post-9","page","type-page","status-publish","has-post-thumbnail","hentry"],"_links":{"self":[{"href":"https:\/\/dubard-agencement.fr\/index.php\/wp-json\/wp\/v2\/pages\/9","targetHints":{"allow":["GET"]}}],"collection":[{"href":"https:\/\/dubard-agencement.fr\/index.php\/wp-json\/wp\/v2\/pages"}],"about":[{"href":"https:\/\/dubard-agencement.fr\/index.php\/wp-json\/wp\/v2\/types\/page"}],"author":[{"embeddable":true,"href":"https:\/\/dubard-agencement.fr\/index.php\/wp-json\/wp\/v2\/users\/1"}],"replies":[{"embeddable":true,"href":"https:\/\/dubard-agencement.fr\/index.php\/wp-json\/wp\/v2\/comments?post=9"}],"version-history":[{"count":9,"href":"https:\/\/dubard-agencement.fr\/index.php\/wp-json\/wp\/v2\/pages\/9\/revisions"}],"predecessor-version":[{"id":259,"href":"https:\/\/dubard-agencement.fr\/index.php\/wp-json\/wp\/v2\/pages\/9\/revisions\/259"}],"wp:featuredmedia":[{"embeddable":true,"href":"https:\/\/dubard-agencement.fr\/index.php\/wp-json\/wp\/v2\/media\/54"}],"wp:attachment":[{"href":"https:\/\/dubard-agencement.fr\/index.php\/wp-json\/wp\/v2\/media?parent=9"}],"curies":[{"name":"wp","href":"https:\/\/api.w.org\/{rel}","templated":true}]}}