{"id":87,"date":"2026-03-07T13:17:12","date_gmt":"2026-03-07T13:17:12","guid":{"rendered":"https:\/\/dubard-agencement.fr\/?page_id=87"},"modified":"2026-03-10T19:44:34","modified_gmt":"2026-03-10T19:44:34","slug":"salle-de-bain","status":"publish","type":"page","link":"https:\/\/dubard-agencement.fr\/index.php\/salle-de-bain\/","title":{"rendered":"La salle de bain"},"content":{"rendered":"\n<p>Vous trouverez dans cette galerie quelques projets de salle de bain.<\/p>\n\n\n\n<p>De la pr\u00e9paration \u00e0 la finition, vos id\u00e9es prennent vie.<\/p>\n\n\n\n<p>Des questions ? <a href=\"https:\/\/dubard-agencement.fr\/index.php\/contact\/\" data-type=\"page\" data-id=\"11\">contactez-moi<\/a><\/p>\n\n\n\n<h2 class=\"wp-block-heading\">Un exemple de r\u00e9novation totale avec agrandissement d&rsquo;une pi\u00e8ce<\/h2>\n\n\n\n<figure class=\"wp-block-gallery has-nested-images columns-default is-cropped wp-block-gallery-1 is-layout-flex wp-block-gallery-is-layout-flex\">\n<figure class=\"wp-block-image size-large\"><img loading=\"lazy\" decoding=\"async\" width=\"768\" height=\"1024\" data-id=\"121\" src=\"https:\/\/dubard-agencement.fr\/wp-content\/uploads\/2026\/03\/IMG_7320-768x1024.jpeg\" alt=\"\" class=\"wp-image-121\" srcset=\"https:\/\/dubard-agencement.fr\/wp-content\/uploads\/2026\/03\/IMG_7320-768x1024.jpeg 768w, https:\/\/dubard-agencement.fr\/wp-content\/uploads\/2026\/03\/IMG_7320-225x300.jpeg 225w, https:\/\/dubard-agencement.fr\/wp-content\/uploads\/2026\/03\/IMG_7320-1152x1536.jpeg 1152w, https:\/\/dubard-agencement.fr\/wp-content\/uploads\/2026\/03\/IMG_7320.jpeg 1536w\" sizes=\"auto, (max-width: 767px) 89vw, (max-width: 1000px) 54vw, (max-width: 1071px) 543px, 580px\" \/><\/figure>\n\n\n\n<figure class=\"wp-block-image size-large\"><img loading=\"lazy\" decoding=\"async\" width=\"768\" height=\"1024\" data-id=\"122\" src=\"https:\/\/dubard-agencement.fr\/wp-content\/uploads\/2026\/03\/IMG_7344-768x1024.jpeg\" alt=\"\" class=\"wp-image-122\" srcset=\"https:\/\/dubard-agencement.fr\/wp-content\/uploads\/2026\/03\/IMG_7344-768x1024.jpeg 768w, https:\/\/dubard-agencement.fr\/wp-content\/uploads\/2026\/03\/IMG_7344-225x300.jpeg 225w, https:\/\/dubard-agencement.fr\/wp-content\/uploads\/2026\/03\/IMG_7344-1152x1536.jpeg 1152w, https:\/\/dubard-agencement.fr\/wp-content\/uploads\/2026\/03\/IMG_7344.jpeg 1536w\" sizes=\"auto, (max-width: 767px) 89vw, (max-width: 1000px) 54vw, (max-width: 1071px) 543px, 580px\" \/><\/figure>\n\n\n\n<figure class=\"wp-block-image size-large\"><img loading=\"lazy\" decoding=\"async\" width=\"768\" height=\"1024\" data-id=\"123\" src=\"https:\/\/dubard-agencement.fr\/wp-content\/uploads\/2026\/03\/IMG_7345-768x1024.jpeg\" alt=\"\" class=\"wp-image-123\" srcset=\"https:\/\/dubard-agencement.fr\/wp-content\/uploads\/2026\/03\/IMG_7345-768x1024.jpeg 768w, https:\/\/dubard-agencement.fr\/wp-content\/uploads\/2026\/03\/IMG_7345-225x300.jpeg 225w, https:\/\/dubard-agencement.fr\/wp-content\/uploads\/2026\/03\/IMG_7345-1152x1536.jpeg 1152w, https:\/\/dubard-agencement.fr\/wp-content\/uploads\/2026\/03\/IMG_7345.jpeg 1536w\" sizes=\"auto, (max-width: 767px) 89vw, (max-width: 1000px) 54vw, (max-width: 1071px) 543px, 580px\" \/><\/figure>\n\n\n\n<figure class=\"wp-block-image size-large\"><img loading=\"lazy\" decoding=\"async\" width=\"1024\" height=\"768\" data-id=\"126\" src=\"https:\/\/dubard-agencement.fr\/wp-content\/uploads\/2026\/03\/IMG_7367-1024x768.jpeg\" alt=\"\" class=\"wp-image-126\" srcset=\"https:\/\/dubard-agencement.fr\/wp-content\/uploads\/2026\/03\/IMG_7367-1024x768.jpeg 1024w, https:\/\/dubard-agencement.fr\/wp-content\/uploads\/2026\/03\/IMG_7367-300x225.jpeg 300w, https:\/\/dubard-agencement.fr\/wp-content\/uploads\/2026\/03\/IMG_7367-768x576.jpeg 768w, https:\/\/dubard-agencement.fr\/wp-content\/uploads\/2026\/03\/IMG_7367-1536x1152.jpeg 1536w, https:\/\/dubard-agencement.fr\/wp-content\/uploads\/2026\/03\/IMG_7367.jpeg 2048w\" sizes=\"auto, (max-width: 767px) 89vw, (max-width: 1000px) 54vw, (max-width: 1071px) 543px, 580px\" \/><\/figure>\n\n\n\n<figure class=\"wp-block-image size-large\"><img loading=\"lazy\" decoding=\"async\" width=\"768\" height=\"1024\" data-id=\"127\" src=\"https:\/\/dubard-agencement.fr\/wp-content\/uploads\/2026\/03\/IMG_7547-768x1024.jpeg\" alt=\"\" class=\"wp-image-127\" srcset=\"https:\/\/dubard-agencement.fr\/wp-content\/uploads\/2026\/03\/IMG_7547-768x1024.jpeg 768w, https:\/\/dubard-agencement.fr\/wp-content\/uploads\/2026\/03\/IMG_7547-225x300.jpeg 225w, https:\/\/dubard-agencement.fr\/wp-content\/uploads\/2026\/03\/IMG_7547-1152x1536.jpeg 1152w, https:\/\/dubard-agencement.fr\/wp-content\/uploads\/2026\/03\/IMG_7547.jpeg 1536w\" sizes=\"auto, (max-width: 767px) 89vw, (max-width: 1000px) 54vw, (max-width: 1071px) 543px, 580px\" \/><\/figure>\n\n\n\n<figure class=\"wp-block-image size-large\"><img loading=\"lazy\" decoding=\"async\" width=\"768\" height=\"1024\" data-id=\"129\" src=\"https:\/\/dubard-agencement.fr\/wp-content\/uploads\/2026\/03\/IMG_7574-768x1024.jpeg\" alt=\"\" class=\"wp-image-129\" srcset=\"https:\/\/dubard-agencement.fr\/wp-content\/uploads\/2026\/03\/IMG_7574-768x1024.jpeg 768w, https:\/\/dubard-agencement.fr\/wp-content\/uploads\/2026\/03\/IMG_7574-225x300.jpeg 225w, https:\/\/dubard-agencement.fr\/wp-content\/uploads\/2026\/03\/IMG_7574-1152x1536.jpeg 1152w, https:\/\/dubard-agencement.fr\/wp-content\/uploads\/2026\/03\/IMG_7574.jpeg 1536w\" sizes=\"auto, (max-width: 767px) 89vw, (max-width: 1000px) 54vw, (max-width: 1071px) 543px, 580px\" \/><\/figure>\n\n\n\n<figure class=\"wp-block-image size-large\"><img loading=\"lazy\" decoding=\"async\" width=\"768\" height=\"1024\" data-id=\"128\" src=\"https:\/\/dubard-agencement.fr\/wp-content\/uploads\/2026\/03\/IMG_7573-768x1024.jpeg\" alt=\"\" class=\"wp-image-128\" srcset=\"https:\/\/dubard-agencement.fr\/wp-content\/uploads\/2026\/03\/IMG_7573-768x1024.jpeg 768w, https:\/\/dubard-agencement.fr\/wp-content\/uploads\/2026\/03\/IMG_7573-225x300.jpeg 225w, https:\/\/dubard-agencement.fr\/wp-content\/uploads\/2026\/03\/IMG_7573-1152x1536.jpeg 1152w, https:\/\/dubard-agencement.fr\/wp-content\/uploads\/2026\/03\/IMG_7573.jpeg 1536w\" sizes=\"auto, (max-width: 767px) 89vw, (max-width: 1000px) 54vw, (max-width: 1071px) 543px, 580px\" \/><\/figure>\n<\/figure>\n\n\n\n<h2 class=\"wp-block-heading\">Et d&rsquo;autres exemple &#8230;<\/h2>\n\n\n\n<figure class=\"wp-block-gallery has-nested-images columns-default is-cropped wp-block-gallery-2 is-layout-flex wp-block-gallery-is-layout-flex\">\n<figure class=\"wp-block-image size-large\"><img loading=\"lazy\" decoding=\"async\" width=\"768\" height=\"1024\" data-id=\"130\" src=\"https:\/\/dubard-agencement.fr\/wp-content\/uploads\/2026\/03\/IMG_8353-768x1024.jpeg\" alt=\"\" class=\"wp-image-130\" srcset=\"https:\/\/dubard-agencement.fr\/wp-content\/uploads\/2026\/03\/IMG_8353-768x1024.jpeg 768w, https:\/\/dubard-agencement.fr\/wp-content\/uploads\/2026\/03\/IMG_8353-225x300.jpeg 225w, https:\/\/dubard-agencement.fr\/wp-content\/uploads\/2026\/03\/IMG_8353-1152x1536.jpeg 1152w, https:\/\/dubard-agencement.fr\/wp-content\/uploads\/2026\/03\/IMG_8353.jpeg 1536w\" sizes=\"auto, (max-width: 767px) 89vw, (max-width: 1000px) 54vw, (max-width: 1071px) 543px, 580px\" \/><\/figure>\n\n\n\n<figure class=\"wp-block-image size-large\"><img loading=\"lazy\" decoding=\"async\" width=\"768\" height=\"1024\" data-id=\"120\" src=\"https:\/\/dubard-agencement.fr\/wp-content\/uploads\/2026\/03\/IMG_1332-768x1024.jpeg\" alt=\"\" class=\"wp-image-120\" srcset=\"https:\/\/dubard-agencement.fr\/wp-content\/uploads\/2026\/03\/IMG_1332-768x1024.jpeg 768w, https:\/\/dubard-agencement.fr\/wp-content\/uploads\/2026\/03\/IMG_1332-225x300.jpeg 225w, https:\/\/dubard-agencement.fr\/wp-content\/uploads\/2026\/03\/IMG_1332-1152x1536.jpeg 1152w, https:\/\/dubard-agencement.fr\/wp-content\/uploads\/2026\/03\/IMG_1332.jpeg 1536w\" sizes=\"auto, (max-width: 767px) 89vw, (max-width: 1000px) 54vw, (max-width: 1071px) 543px, 580px\" \/><\/figure>\n<\/figure>\n","protected":false},"excerpt":{"rendered":"<p>Vous trouverez dans cette galerie quelques projets de salle de bain. De la pr\u00e9paration \u00e0 la finition, vos id\u00e9es prennent vie. Des questions ? contactez-moi Un exemple de r\u00e9novation totale avec agrandissement d&rsquo;une pi\u00e8ce Et d&rsquo;autres exemple &#8230;<\/p>\n","protected":false},"author":1,"featured_media":0,"parent":0,"menu_order":0,"comment_status":"closed","ping_status":"closed","template":"","meta":{"footnotes":""},"class_list":["post-87","page","type-page","status-publish","hentry"],"_links":{"self":[{"href":"https:\/\/dubard-agencement.fr\/index.php\/wp-json\/wp\/v2\/pages\/87","targetHints":{"allow":["GET"]}}],"collection":[{"href":"https:\/\/dubard-agencement.fr\/index.php\/wp-json\/wp\/v2\/pages"}],"about":[{"href":"https:\/\/dubard-agencement.fr\/index.php\/wp-json\/wp\/v2\/types\/page"}],"author":[{"embeddable":true,"href":"https:\/\/dubard-agencement.fr\/index.php\/wp-json\/wp\/v2\/users\/1"}],"replies":[{"embeddable":true,"href":"https:\/\/dubard-agencement.fr\/index.php\/wp-json\/wp\/v2\/comments?post=87"}],"version-history":[{"count":3,"href":"https:\/\/dubard-agencement.fr\/index.php\/wp-json\/wp\/v2\/pages\/87\/revisions"}],"predecessor-version":[{"id":223,"href":"https:\/\/dubard-agencement.fr\/index.php\/wp-json\/wp\/v2\/pages\/87\/revisions\/223"}],"wp:attachment":[{"href":"https:\/\/dubard-agencement.fr\/index.php\/wp-json\/wp\/v2\/media?parent=87"}],"curies":[{"name":"wp","href":"https:\/\/api.w.org\/{rel}","templated":true}]}}