{"id":10,"date":"2026-02-02T16:38:37","date_gmt":"2026-02-02T16:38:37","guid":{"rendered":"https:\/\/dubard-agencement.fr\/?page_id=10"},"modified":"2026-03-10T18:17:23","modified_gmt":"2026-03-10T18:17:23","slug":"a-propos-de","status":"publish","type":"page","link":"https:\/\/dubard-agencement.fr\/index.php\/a-propos-de\/","title":{"rendered":"On fait les pr\u00e9sentations ?"},"content":{"rendered":"\n<p>Je suis Nicolas, dans le monde de la r\u00e9novation int\u00e9rieur\/ext\u00e9rieur tous genres depuis plus de 20 ans, je me suis sp\u00e9cialis\u00e9 dans l&rsquo;installation de mobilier d&rsquo;agencement int\u00e9rieur.<\/p>\n\n\n\n<p>Mes 3 derni\u00e8res ann\u00e9es consacr\u00e9es \u00e0 la pose m&rsquo;ont permis de perfectionner mes savoir-faire dans ce domaine de pr\u00e9cision. Vous aider dans la r\u00e9alisation de vos projets et de vos envies demeure mon objectif.<\/p>\n\n\n\n<p><br>Une id\u00e9e, un avis ou un accompagnement personnalis\u00e9 ? je serais ravi de vous rencontrer : <a href=\"https:\/\/dubard-agencement.fr\/index.php\/contact\/\" data-type=\"page\" data-id=\"11\">contactez-moi.<\/a><\/p>\n","protected":false},"excerpt":{"rendered":"<p>Je suis Nicolas, dans le monde de la r\u00e9novation int\u00e9rieur\/ext\u00e9rieur tous genres depuis plus de 20 ans, je me suis sp\u00e9cialis\u00e9 dans l&rsquo;installation de mobilier d&rsquo;agencement int\u00e9rieur. Mes 3 derni\u00e8res ann\u00e9es consacr\u00e9es \u00e0 la pose m&rsquo;ont permis de perfectionner mes savoir-faire dans ce domaine de pr\u00e9cision. Vous aider dans la r\u00e9alisation de vos projets et &hellip; <\/p>\n<p class=\"link-more\"><a href=\"https:\/\/dubard-agencement.fr\/index.php\/a-propos-de\/\" class=\"more-link\">Continuer la lecture<span class=\"screen-reader-text\"> de &laquo;&nbsp;On fait les pr\u00e9sentations ?&nbsp;&raquo;<\/span><\/a><\/p>\n","protected":false},"author":1,"featured_media":0,"parent":0,"menu_order":0,"comment_status":"closed","ping_status":"closed","template":"","meta":{"footnotes":""},"class_list":["post-10","page","type-page","status-publish","hentry"],"_links":{"self":[{"href":"https:\/\/dubard-agencement.fr\/index.php\/wp-json\/wp\/v2\/pages\/10","targetHints":{"allow":["GET"]}}],"collection":[{"href":"https:\/\/dubard-agencement.fr\/index.php\/wp-json\/wp\/v2\/pages"}],"about":[{"href":"https:\/\/dubard-agencement.fr\/index.php\/wp-json\/wp\/v2\/types\/page"}],"author":[{"embeddable":true,"href":"https:\/\/dubard-agencement.fr\/index.php\/wp-json\/wp\/v2\/users\/1"}],"replies":[{"embeddable":true,"href":"https:\/\/dubard-agencement.fr\/index.php\/wp-json\/wp\/v2\/comments?post=10"}],"version-history":[{"count":7,"href":"https:\/\/dubard-agencement.fr\/index.php\/wp-json\/wp\/v2\/pages\/10\/revisions"}],"predecessor-version":[{"id":191,"href":"https:\/\/dubard-agencement.fr\/index.php\/wp-json\/wp\/v2\/pages\/10\/revisions\/191"}],"wp:attachment":[{"href":"https:\/\/dubard-agencement.fr\/index.php\/wp-json\/wp\/v2\/media?parent=10"}],"curies":[{"name":"wp","href":"https:\/\/api.w.org\/{rel}","templated":true}]}}